{"id":61,"date":"2026-05-04T18:40:40","date_gmt":"2026-05-04T18:40:40","guid":{"rendered":"https:\/\/peptidkompass.wpenginepowered.com\/?page_id=61"},"modified":"2026-05-04T18:52:32","modified_gmt":"2026-05-04T18:52:32","slug":"datenschutzerklaerung","status":"publish","type":"page","link":"https:\/\/peptidkompass.de\/?page_id=61","title":{"rendered":"Datenschutzerkl\u00e4rung"},"content":{"rendered":"\t\t<div data-elementor-type=\"wp-page\" data-elementor-id=\"61\" class=\"elementor elementor-61\" data-elementor-post-type=\"page\">\n\t\t\t\t<div class=\"elementor-element elementor-element-edda246 e-flex e-con-boxed e-con e-parent\" data-id=\"edda246\" data-element_type=\"container\" data-e-type=\"container\">\n\t\t\t\t\t<div class=\"e-con-inner\">\n\t\t\t\t<div class=\"elementor-element elementor-element-7d7db016 elementor-widget elementor-widget-heading\" data-id=\"7d7db016\" data-element_type=\"widget\" data-e-type=\"widget\" data-widget_type=\"heading.default\">\n\t\t\t\t\t<h2 class=\"elementor-heading-title elementor-size-default\">Datenschutzerkl\u00e4rung<\/h2>\t\t\t\t<\/div>\n\t\t\t\t<div class=\"elementor-element elementor-element-59a33a3a elementor-widget elementor-widget-heading\" data-id=\"59a33a3a\" data-element_type=\"widget\" data-e-type=\"widget\" data-widget_type=\"heading.default\">\n\t\t\t\t\t<div class=\"elementor-heading-title elementor-size-default\">1. Allgemeine Hinweise<\/div>\t\t\t\t<\/div>\n\t\t\t\t<div class=\"elementor-element elementor-element-57a6adec elementor-widget elementor-widget-text-editor\" data-id=\"57a6adec\" data-element_type=\"widget\" data-e-type=\"widget\" data-widget_type=\"text-editor.default\">\n\t\t\t\t\t\t\t\t\t<p data-start=\"296\" data-end=\"568\">Der Schutz deiner pers\u00f6nlichen Daten ist uns ein wichtiges Anliegen. Wir behandeln deine personenbezogenen Daten vertraulich und entsprechend der gesetzlichen Datenschutzvorschriften, insbesondere der Datenschutz-Grundverordnung (DSGVO), sowie dieser Datenschutzerkl\u00e4rung.<\/p><p data-start=\"570\" data-end=\"790\">Diese Website kann grunds\u00e4tzlich ohne Angabe personenbezogener Daten genutzt werden. Soweit personenbezogene Daten erhoben werden, erfolgt dies auf freiwilliger Basis oder auf Grundlage gesetzlicher Erlaubnistatbest\u00e4nde.<\/p>\t\t\t\t\t\t\t\t<\/div>\n\t\t\t\t<div class=\"elementor-element elementor-element-8764317 elementor-widget elementor-widget-heading\" data-id=\"8764317\" data-element_type=\"widget\" data-e-type=\"widget\" data-widget_type=\"heading.default\">\n\t\t\t\t\t<div class=\"elementor-heading-title elementor-size-default\">2. Verantwortlicher<\/div>\t\t\t\t<\/div>\n\t\t\t\t<div class=\"elementor-element elementor-element-9b018ec elementor-widget elementor-widget-text-editor\" data-id=\"9b018ec\" data-element_type=\"widget\" data-e-type=\"widget\" data-widget_type=\"text-editor.default\">\n\t\t\t\t\t\t\t\t\t<p data-start=\"821\" data-end=\"927\">Heiko Lindner<br data-start=\"834\" data-end=\"837\" \/>Bahnw\u00e4rter Thiel<br data-start=\"853\" data-end=\"856\" \/>c\/o Heiko Lindner<br data-start=\"873\" data-end=\"876\" \/>Tumblingerstra\u00dfe 45<br data-start=\"895\" data-end=\"898\" \/>80337 M\u00fcnchen<br data-start=\"911\" data-end=\"914\" \/>Deutschland<\/p><p data-start=\"929\" data-end=\"961\">E-Mail: <span style=\"text-decoration: underline;\"><strong><a class=\"decorated-link cursor-pointer\" rel=\"noopener\" data-start=\"937\" data-end=\"959\">mail@heiko-lindner.net<\/a><\/strong><\/span><\/p>\t\t\t\t\t\t\t\t<\/div>\n\t\t\t\t<div class=\"elementor-element elementor-element-4f6f704 elementor-widget elementor-widget-heading\" data-id=\"4f6f704\" data-element_type=\"widget\" data-e-type=\"widget\" data-widget_type=\"heading.default\">\n\t\t\t\t\t<div class=\"elementor-heading-title elementor-size-default\">3. Hosting (WP Engine)<\/div>\t\t\t\t<\/div>\n\t\t\t\t<div class=\"elementor-element elementor-element-49c7f85 elementor-widget elementor-widget-text-editor\" data-id=\"49c7f85\" data-element_type=\"widget\" data-e-type=\"widget\" data-widget_type=\"text-editor.default\">\n\t\t\t\t\t\t\t\t\t<p data-start=\"995\" data-end=\"1099\">Diese Website wird bei WP Engine gehostet, einem Hosting-Anbieter mit Serverstandorten u. a. in den USA.<\/p><p data-start=\"1101\" data-end=\"1186\">Anbieter:<br data-start=\"1110\" data-end=\"1113\" \/>WP Engine, Inc.<br data-start=\"1128\" data-end=\"1131\" \/>504 Lavaca Street, Suite 1000<br data-start=\"1160\" data-end=\"1163\" \/>Austin, TX 78701, USA<\/p><p data-start=\"1188\" data-end=\"1245\">Im Rahmen des Hostings werden folgende Daten verarbeitet:<\/p><ul data-start=\"1247\" data-end=\"1344\"><li data-section-id=\"1h0uk97\" data-start=\"1247\" data-end=\"1261\">IP-Adresse<\/li><li data-section-id=\"1io45b2\" data-start=\"1262\" data-end=\"1283\">Zugriffszeitpunkt<\/li><li data-section-id=\"1b60mir\" data-start=\"1284\" data-end=\"1308\">Browserinformationen<\/li><li data-section-id=\"kiy1ht\" data-start=\"1309\" data-end=\"1327\">Betriebssystem<\/li><li data-section-id=\"anwpz4\" data-start=\"1328\" data-end=\"1344\">Referrer URL<\/li><\/ul><p data-start=\"1346\" data-end=\"1446\">Die Verarbeitung erfolgt zur Sicherstellung des technischen Betriebs und der Sicherheit der Website.<\/p>\t\t\t\t\t\t\t\t<\/div>\n\t\t\t\t<div class=\"elementor-element elementor-element-5b5e3f0 elementor-widget elementor-widget-heading\" data-id=\"5b5e3f0\" data-element_type=\"widget\" data-e-type=\"widget\" data-widget_type=\"heading.default\">\n\t\t\t\t\t<div class=\"elementor-heading-title elementor-size-default\">4. Server-Log-Dateien<\/div>\t\t\t\t<\/div>\n\t\t\t\t<div class=\"elementor-element elementor-element-11d2363d elementor-widget elementor-widget-text-editor\" data-id=\"11d2363d\" data-element_type=\"widget\" data-e-type=\"widget\" data-widget_type=\"text-editor.default\">\n\t\t\t\t\t\t\t\t\t<p data-start=\"1873\" data-end=\"2058\">Die Haut besteht nicht nur aus sichtbarer Oberfl\u00e4che. Unter der \u00e4u\u00dfersten Hautschicht befindet sich ein komplexes Netzwerk aus Kollagen, Elastin, Wasserbindern, Zellen und Botenstoffen.<\/p><p data-start=\"2060\" data-end=\"2298\">Kollagen sorgt f\u00fcr Festigkeit. Elastin sorgt f\u00fcr Spannkraft. Hyalurons\u00e4ure unterst\u00fctzt die Feuchtigkeitsbindung. Mit zunehmendem Alter nimmt die Produktion dieser Strukturen ab. Die Haut wird d\u00fcnner, trockener und verliert an Elastizit\u00e4t.<\/p><p data-start=\"2300\" data-end=\"2540\">Peptide k\u00f6nnen hier eine unterst\u00fctzende Rolle spielen, weil sie bestimmte Hautzellen zur Aktivit\u00e4t anregen k\u00f6nnen. Besonders wichtig sind dabei Fibroblasten. Diese Zellen sind unter anderem an der Bildung von Kollagen und Elastin beteiligt.<\/p><p data-start=\"2542\" data-end=\"2680\">Peptide k\u00f6nnen also nicht einfach verlorenes Kollagen \u201eauff\u00fcllen\u201c. Sie senden vielmehr ein Signal an die Haut, wieder aktiver zu arbeiten.<\/p>\t\t\t\t\t\t\t\t<\/div>\n\t\t\t\t<div class=\"elementor-element elementor-element-62075d9 elementor-widget elementor-widget-heading\" data-id=\"62075d9\" data-element_type=\"widget\" data-e-type=\"widget\" data-widget_type=\"heading.default\">\n\t\t\t\t\t<div class=\"elementor-heading-title elementor-size-default\">5. Cookies und Einwilligungsmanagement<\/div>\t\t\t\t<\/div>\n\t\t\t\t<div class=\"elementor-element elementor-element-70887d0b elementor-widget elementor-widget-text-editor\" data-id=\"70887d0b\" data-element_type=\"widget\" data-e-type=\"widget\" data-widget_type=\"text-editor.default\">\n\t\t\t\t\t\t\t\t\t<p data-start=\"1865\" data-end=\"1898\">Unsere Website verwendet Cookies.<\/p><p data-start=\"1900\" data-end=\"1927\">Wir unterscheiden zwischen:<\/p><ul data-start=\"1929\" data-end=\"2022\"><li data-section-id=\"uoqape\" data-start=\"1929\" data-end=\"1962\">technisch notwendigen Cookies<\/li><li data-section-id=\"13ff70z\" data-start=\"1963\" data-end=\"1987\">funktionalen Cookies<\/li><li data-section-id=\"1jj0aq1\" data-start=\"1988\" data-end=\"2022\">Analyse- und Marketing-Cookies<\/li><\/ul><p data-start=\"2024\" data-end=\"2093\">Nicht notwendige Cookies werden nur nach deiner Einwilligung gesetzt.<\/p><p data-start=\"2095\" data-end=\"2167\">Zur Verwaltung der Einwilligungen verwenden wir ein Cookie-Consent-Tool.<\/p><p data-start=\"2169\" data-end=\"2194\">Dabei werden gespeichert:<\/p><ul data-start=\"2196\" data-end=\"2272\"><li data-section-id=\"1wjw9ep\" data-start=\"2196\" data-end=\"2219\">Einwilligungsstatus<\/li><li data-section-id=\"lvilf4\" data-start=\"2220\" data-end=\"2248\">Zeitpunkt der Zustimmung<\/li><li data-section-id=\"1pa0uqv\" data-start=\"2249\" data-end=\"2272\">gek\u00fcrzte IP-Adresse<\/li><\/ul>\t\t\t\t\t\t\t\t<\/div>\n\t\t\t\t<div class=\"elementor-element elementor-element-6d9b340 elementor-widget elementor-widget-heading\" data-id=\"6d9b340\" data-element_type=\"widget\" data-e-type=\"widget\" data-widget_type=\"heading.default\">\n\t\t\t\t\t<div class=\"elementor-heading-title elementor-size-default\">6. Google Analytics (GA4)<\/div>\t\t\t\t<\/div>\n\t\t\t\t<div class=\"elementor-element elementor-element-c027272 elementor-widget elementor-widget-text-editor\" data-id=\"c027272\" data-element_type=\"widget\" data-e-type=\"widget\" data-widget_type=\"text-editor.default\">\n\t\t\t\t\t\t\t\t\t<p data-start=\"2309\" data-end=\"2348\">Diese Website nutzt Google Analytics 4.<\/p><p data-start=\"2350\" data-end=\"2435\">Anbieter:<br data-start=\"2359\" data-end=\"2362\" \/>Google Ireland Limited<br data-start=\"2384\" data-end=\"2387\" \/>Gordon House, Barrow Street<br data-start=\"2414\" data-end=\"2417\" \/>Dublin 4, Irland<\/p><p data-start=\"2437\" data-end=\"2531\">Google Analytics verwendet Cookies und \u00e4hnliche Technologien zur Analyse des Nutzerverhaltens.<\/p><p data-start=\"2533\" data-end=\"2554\">Erfasst werden u. a.:<\/p><ul data-start=\"2556\" data-end=\"2655\"><li data-section-id=\"1r59xfi\" data-start=\"2556\" data-end=\"2573\">Seitenaufrufe<\/li><li data-section-id=\"1qngrll\" data-start=\"2574\" data-end=\"2590\">Verweildauer<\/li><li data-section-id=\"14mve9h\" data-start=\"2591\" data-end=\"2609\">Klickverhalten<\/li><li data-section-id=\"lqcvld\" data-start=\"2610\" data-end=\"2627\">Interaktionen<\/li><li data-section-id=\"zkfcc3\" data-start=\"2628\" data-end=\"2655\">ungef\u00e4hre Standortdaten<\/li><\/ul><p data-start=\"2657\" data-end=\"2702\">Die IP-Adresse wird anonymisiert verarbeitet.<\/p><p data-start=\"2704\" data-end=\"2773\">Die Nutzung erfolgt ausschlie\u00dflich auf Grundlage deiner Einwilligung.<\/p>\t\t\t\t\t\t\t\t<\/div>\n\t\t\t\t<div class=\"elementor-element elementor-element-28b4595 elementor-widget elementor-widget-heading\" data-id=\"28b4595\" data-element_type=\"widget\" data-e-type=\"widget\" data-widget_type=\"heading.default\">\n\t\t\t\t\t<div class=\"elementor-heading-title elementor-size-default\">7. Meta Pixel (Facebook \/ Instagram)<\/div>\t\t\t\t<\/div>\n\t\t\t\t<div class=\"elementor-element elementor-element-7e91b6df elementor-widget elementor-widget-text-editor\" data-id=\"7e91b6df\" data-element_type=\"widget\" data-e-type=\"widget\" data-widget_type=\"text-editor.default\">\n\t\t\t\t\t\t\t\t\t<p data-start=\"2821\" data-end=\"2860\">Diese Website verwendet das Meta Pixel.<\/p><p data-start=\"2862\" data-end=\"2945\">Anbieter:<br data-start=\"2871\" data-end=\"2874\" \/>Meta Platforms Ireland Ltd.<br data-start=\"2901\" data-end=\"2904\" \/>4 Grand Canal Square<br data-start=\"2924\" data-end=\"2927\" \/>Dublin 2, Irland<\/p><p data-start=\"2947\" data-end=\"2973\">Das Meta Pixel erm\u00f6glicht:<\/p><ul data-start=\"2975\" data-end=\"3055\"><li data-section-id=\"1t3kosy\" data-start=\"2975\" data-end=\"2998\">Conversion-Tracking<\/li><li data-section-id=\"1ku99za\" data-start=\"2999\" data-end=\"3021\">Zielgruppenbildung<\/li><li data-section-id=\"6zbdeo\" data-start=\"3022\" data-end=\"3055\">Optimierung von Werbeanzeigen<\/li><\/ul><p data-start=\"3057\" data-end=\"3131\">Die Verarbeitung erfolgt ausschlie\u00dflich auf Grundlage deiner Einwilligung.<\/p>\t\t\t\t\t\t\t\t<\/div>\n\t\t\t\t<div class=\"elementor-element elementor-element-7ce5bed elementor-widget elementor-widget-heading\" data-id=\"7ce5bed\" data-element_type=\"widget\" data-e-type=\"widget\" data-widget_type=\"heading.default\">\n\t\t\t\t\t<div class=\"elementor-heading-title elementor-size-default\">8. Newsletter und E-Mail-Marketing (Brevo)<\/div>\t\t\t\t<\/div>\n\t\t\t\t<div class=\"elementor-element elementor-element-1448bcea elementor-widget elementor-widget-text-editor\" data-id=\"1448bcea\" data-element_type=\"widget\" data-e-type=\"widget\" data-widget_type=\"text-editor.default\">\n\t\t\t\t\t\t\t\t\t<p data-start=\"3185\" data-end=\"3234\">F\u00fcr den Versand von Newslettern nutzen wir Brevo.<\/p><p data-start=\"3236\" data-end=\"3326\">Anbieter:<br data-start=\"3245\" data-end=\"3248\" \/>Sendinblue GmbH (Brevo)<br data-start=\"3271\" data-end=\"3274\" \/>K\u00f6penicker Stra\u00dfe 126<br data-start=\"3295\" data-end=\"3298\" \/>10179 Berlin<br data-start=\"3310\" data-end=\"3313\" \/>Deutschland<\/p><p data-start=\"3328\" data-end=\"3376\">Bei Anmeldung werden folgende Daten verarbeitet:<\/p><ul data-start=\"3378\" data-end=\"3443\"><li data-section-id=\"1iykec3\" data-start=\"3378\" data-end=\"3396\">E-Mail-Adresse<\/li><li data-section-id=\"8luxbb\" data-start=\"3397\" data-end=\"3410\">ggf. Name<\/li><li data-section-id=\"1ono58w\" data-start=\"3411\" data-end=\"3443\">\u00d6ffnungs- und Klickverhalten<\/li><\/ul><p data-start=\"3445\" data-end=\"3500\">Die Anmeldung erfolgt \u00fcber ein Double-Opt-in-Verfahren.<\/p><p data-start=\"3502\" data-end=\"3536\">Du kannst dich jederzeit abmelden.<\/p>\t\t\t\t\t\t\t\t<\/div>\n\t\t\t\t<div class=\"elementor-element elementor-element-05e8a8a elementor-widget elementor-widget-heading\" data-id=\"05e8a8a\" data-element_type=\"widget\" data-e-type=\"widget\" data-widget_type=\"heading.default\">\n\t\t\t\t\t<div class=\"elementor-heading-title elementor-size-default\">9. Affiliate-Programme und Partnerlinks<\/div>\t\t\t\t<\/div>\n\t\t\t\t<div class=\"elementor-element elementor-element-fe8a7c3 elementor-widget elementor-widget-text-editor\" data-id=\"fe8a7c3\" data-element_type=\"widget\" data-e-type=\"widget\" data-widget_type=\"text-editor.default\">\n\t\t\t\t\t\t\t\t\t<p data-start=\"3587\" data-end=\"3632\">Diese Website kann Affiliate-Links enthalten.<\/p><p data-start=\"3634\" data-end=\"3728\">Beim Klick auf solche Links k\u00f6nnen Daten an Partnerprogramme \u00fcbermittelt werden, insbesondere:<\/p><ul data-start=\"3730\" data-end=\"3784\"><li data-section-id=\"anwpz4\" data-start=\"3730\" data-end=\"3746\">Referrer URL<\/li><li data-section-id=\"14mve9h\" data-start=\"3747\" data-end=\"3765\">Klickverhalten<\/li><li data-section-id=\"cav43\" data-start=\"3766\" data-end=\"3784\">ggf. Kaufdaten<\/li><\/ul><p data-start=\"3786\" data-end=\"3874\">Die Verarbeitung erfolgt auf Grundlage deiner Einwilligung oder berechtigter Interessen.<\/p>\t\t\t\t\t\t\t\t<\/div>\n\t\t\t\t<div class=\"elementor-element elementor-element-816a8a1 elementor-widget elementor-widget-heading\" data-id=\"816a8a1\" data-element_type=\"widget\" data-e-type=\"widget\" data-widget_type=\"heading.default\">\n\t\t\t\t\t<div class=\"elementor-heading-title elementor-size-default\">10. Eingebettete Inhalte (Instagram, YouTube etc.)<\/div>\t\t\t\t<\/div>\n\t\t\t\t<div class=\"elementor-element elementor-element-44d92236 elementor-widget elementor-widget-text-editor\" data-id=\"44d92236\" data-element_type=\"widget\" data-e-type=\"widget\" data-widget_type=\"text-editor.default\">\n\t\t\t\t\t\t\t\t\t<p data-start=\"3936\" data-end=\"3992\">Diese Website kann Inhalte von Drittanbietern einbinden.<\/p><p data-start=\"3994\" data-end=\"4019\">Dazu z\u00e4hlen insbesondere:<\/p><ul data-start=\"4021\" data-end=\"4046\"><li data-section-id=\"1mhn3zk\" data-start=\"4021\" data-end=\"4034\">Instagram<\/li><li data-section-id=\"1jw7alp\" data-start=\"4035\" data-end=\"4046\">YouTube<\/li><\/ul><p data-start=\"4048\" data-end=\"4125\">Beim Aufruf solcher Inhalte k\u00f6nnen Daten an diese Anbieter \u00fcbertragen werden.<\/p>\t\t\t\t\t\t\t\t<\/div>\n\t\t\t\t<div class=\"elementor-element elementor-element-fd5967f elementor-widget elementor-widget-heading\" data-id=\"fd5967f\" data-element_type=\"widget\" data-e-type=\"widget\" data-widget_type=\"heading.default\">\n\t\t\t\t\t<div class=\"elementor-heading-title elementor-size-default\">11. WordPress und Elementor Pro<\/div>\t\t\t\t<\/div>\n\t\t\t\t<div class=\"elementor-element elementor-element-78843c36 elementor-widget elementor-widget-text-editor\" data-id=\"78843c36\" data-element_type=\"widget\" data-e-type=\"widget\" data-widget_type=\"text-editor.default\">\n\t\t\t\t\t\t\t\t\t<p data-start=\"4168\" data-end=\"4232\">Diese Website basiert auf WordPress und verwendet Elementor Pro.<\/p><p data-start=\"4234\" data-end=\"4307\">Dabei k\u00f6nnen personenbezogene Daten verarbeitet werden, insbesondere bei:<\/p><ul data-start=\"4309\" data-end=\"4375\"><li data-section-id=\"1ser1q7\" data-start=\"4309\" data-end=\"4323\">Formularen<\/li><li data-section-id=\"upuqrj\" data-start=\"4324\" data-end=\"4350\">Tracking-Integrationen<\/li><li data-section-id=\"1krwusg\" data-start=\"4351\" data-end=\"4375\">Marketing-Funktionen<\/li><\/ul><p data-start=\"4377\" data-end=\"4431\">Die Verarbeitung erfolgt nur im erforderlichen Umfang.<\/p>\t\t\t\t\t\t\t\t<\/div>\n\t\t\t\t<div class=\"elementor-element elementor-element-8b11495 elementor-widget elementor-widget-heading\" data-id=\"8b11495\" data-element_type=\"widget\" data-e-type=\"widget\" data-widget_type=\"heading.default\">\n\t\t\t\t\t<div class=\"elementor-heading-title elementor-size-default\">12. Kontaktaufnahme<\/div>\t\t\t\t<\/div>\n\t\t\t\t<div class=\"elementor-element elementor-element-6b3e2af8 elementor-widget elementor-widget-text-editor\" data-id=\"6b3e2af8\" data-element_type=\"widget\" data-e-type=\"widget\" data-widget_type=\"text-editor.default\">\n\t\t\t\t\t\t\t\t\t<p data-start=\"4462\" data-end=\"4561\">Wenn du uns per E-Mail kontaktierst, werden deine Daten zur Bearbeitung deiner Anfrage gespeichert.<\/p><p data-start=\"4563\" data-end=\"4578\">Diese umfassen:<\/p><ul data-start=\"4580\" data-end=\"4630\"><li data-section-id=\"1t2yru7\" data-start=\"4580\" data-end=\"4588\">Name<\/li><li data-section-id=\"1iykec3\" data-start=\"4589\" data-end=\"4607\">E-Mail-Adresse<\/li><li data-section-id=\"nu91hx\" data-start=\"4608\" data-end=\"4630\">Inhalt der Anfrage<\/li><\/ul>\t\t\t\t\t\t\t\t<\/div>\n\t\t\t\t<div class=\"elementor-element elementor-element-4234b69 elementor-widget elementor-widget-heading\" data-id=\"4234b69\" data-element_type=\"widget\" data-e-type=\"widget\" data-widget_type=\"heading.default\">\n\t\t\t\t\t<div class=\"elementor-heading-title elementor-size-default\">13. SSL- bzw. TLS-Verschl\u00fcsselung<\/div>\t\t\t\t<\/div>\n\t\t\t\t<div class=\"elementor-element elementor-element-1a9084e6 elementor-widget elementor-widget-text-editor\" data-id=\"1a9084e6\" data-element_type=\"widget\" data-e-type=\"widget\" data-widget_type=\"text-editor.default\">\n\t\t\t\t\t\t\t\t\t<p>Diese Seite nutzt eine SSL- bzw. TLS-Verschl\u00fcsselung.<\/p>\t\t\t\t\t\t\t\t<\/div>\n\t\t\t\t<div class=\"elementor-element elementor-element-f46a2d5 elementor-widget elementor-widget-heading\" data-id=\"f46a2d5\" data-element_type=\"widget\" data-e-type=\"widget\" data-widget_type=\"heading.default\">\n\t\t\t\t\t<div class=\"elementor-heading-title elementor-size-default\">14. Gesundheitlicher Hinweis<\/div>\t\t\t\t<\/div>\n\t\t\t\t<div class=\"elementor-element elementor-element-5f4f63db elementor-widget elementor-widget-text-editor\" data-id=\"5f4f63db\" data-element_type=\"widget\" data-e-type=\"widget\" data-widget_type=\"text-editor.default\">\n\t\t\t\t\t\t\t\t\t<p data-start=\"4768\" data-end=\"4884\">Diese Website behandelt teilweise Themen aus den Bereichen Hautpflege, Wirkstoffe und gesundheitliche Zusammenh\u00e4nge.<\/p><p data-start=\"4886\" data-end=\"4897\">Dabei gilt:<\/p><ul data-start=\"4899\" data-end=\"5053\"><li data-section-id=\"zjtb23\" data-start=\"4899\" data-end=\"4937\">Es werden keine Diagnosen gestellt<\/li><li data-section-id=\"1t47oyo\" data-start=\"4938\" data-end=\"5000\">Es werden keine individuellen Therapieempfehlungen gegeben<\/li><li data-section-id=\"8mfmln\" data-start=\"5001\" data-end=\"5053\">Die Inhalte ersetzen keine medizinische Beratung<\/li><\/ul><p data-start=\"5055\" data-end=\"5138\">Es werden keine Gesundheitsdaten im Sinne der DSGVO aktiv erhoben oder verarbeitet.<\/p>\t\t\t\t\t\t\t\t<\/div>\n\t\t\t\t<div class=\"elementor-element elementor-element-4aa58f0 elementor-widget elementor-widget-heading\" data-id=\"4aa58f0\" data-element_type=\"widget\" data-e-type=\"widget\" data-widget_type=\"heading.default\">\n\t\t\t\t\t<div class=\"elementor-heading-title elementor-size-default\">15. Speicherdauer<\/div>\t\t\t\t<\/div>\n\t\t\t\t<div class=\"elementor-element elementor-element-7cfe7f71 elementor-widget elementor-widget-text-editor\" data-id=\"7cfe7f71\" data-element_type=\"widget\" data-e-type=\"widget\" data-widget_type=\"text-editor.default\">\n\t\t\t\t\t\t\t\t\t<p data-start=\"1464\" data-end=\"1782\">Personenbezogene Daten werden nur so lange gespeichert, wie dies zur Erf\u00fcllung der jeweiligen Zwecke erforderlich ist oder gesetzliche Aufbewahrungspflichten bestehen.<\/p>\t\t\t\t\t\t\t\t<\/div>\n\t\t\t\t<div class=\"elementor-element elementor-element-33f0f75 elementor-widget elementor-widget-heading\" data-id=\"33f0f75\" data-element_type=\"widget\" data-e-type=\"widget\" data-widget_type=\"heading.default\">\n\t\t\t\t\t<div class=\"elementor-heading-title elementor-size-default\">16. Deine Rechte<\/div>\t\t\t\t<\/div>\n\t\t\t\t<div class=\"elementor-element elementor-element-50a3c66f elementor-widget elementor-widget-text-editor\" data-id=\"50a3c66f\" data-element_type=\"widget\" data-e-type=\"widget\" data-widget_type=\"text-editor.default\">\n\t\t\t\t\t\t\t\t\t<p data-start=\"5362\" data-end=\"5384\">Du hast das Recht auf:<\/p><ul data-start=\"5386\" data-end=\"5520\"><li data-section-id=\"5pgjhp\" data-start=\"5386\" data-end=\"5398\">Auskunft<\/li><li data-section-id=\"g9sr6h\" data-start=\"5399\" data-end=\"5415\">Berichtigung<\/li><li data-section-id=\"77egm\" data-start=\"5416\" data-end=\"5428\">L\u00f6schung<\/li><li data-section-id=\"9enzfe\" data-start=\"5429\" data-end=\"5463\">Einschr\u00e4nkung der Verarbeitung<\/li><li data-section-id=\"1wshal5\" data-start=\"5464\" data-end=\"5488\">Daten\u00fcbertragbarkeit<\/li><li data-section-id=\"1wn7w4f\" data-start=\"5489\" data-end=\"5520\">Widerruf einer Einwilligung<\/li><\/ul>\t\t\t\t\t\t\t\t<\/div>\n\t\t\t\t<div class=\"elementor-element elementor-element-def963a elementor-widget elementor-widget-heading\" data-id=\"def963a\" data-element_type=\"widget\" data-e-type=\"widget\" data-widget_type=\"heading.default\">\n\t\t\t\t\t<div class=\"elementor-heading-title elementor-size-default\">17. Beschwerderecht<\/div>\t\t\t\t<\/div>\n\t\t\t\t<div class=\"elementor-element elementor-element-4342f036 elementor-widget elementor-widget-text-editor\" data-id=\"4342f036\" data-element_type=\"widget\" data-e-type=\"widget\" data-widget_type=\"text-editor.default\">\n\t\t\t\t\t\t\t\t\t<p>Du hast das Recht, dich bei einer Datenschutz-Aufsichtsbeh\u00f6rde zu beschweren.<\/p>\t\t\t\t\t\t\t\t<\/div>\n\t\t\t\t<div class=\"elementor-element elementor-element-f9332fa elementor-widget elementor-widget-heading\" data-id=\"f9332fa\" data-element_type=\"widget\" data-e-type=\"widget\" data-widget_type=\"heading.default\">\n\t\t\t\t\t<div class=\"elementor-heading-title elementor-size-default\">18. \u00c4nderungen dieser Datenschutzerkl\u00e4rung<\/div>\t\t\t\t<\/div>\n\t\t\t\t<div class=\"elementor-element elementor-element-2e34ee75 elementor-widget elementor-widget-text-editor\" data-id=\"2e34ee75\" data-element_type=\"widget\" data-e-type=\"widget\" data-widget_type=\"text-editor.default\">\n\t\t\t\t\t\t\t\t\t<p data-start=\"2718\" data-end=\"2869\">Wir behalten uns vor, diese Datenschutzerkl\u00e4rung anzupassen.<\/p>\t\t\t\t\t\t\t\t<\/div>\n\t\t\t\t\t<\/div>\n\t\t\t\t<\/div>\n\t\t\t\t<\/div>\n\t\t","protected":false},"excerpt":{"rendered":"<p>Datenschutzerkl\u00e4rung 1. Allgemeine Hinweise Der Schutz deiner pers\u00f6nlichen Daten ist uns ein wichtiges Anliegen. Wir behandeln deine personenbezogenen Daten vertraulich und entsprechend der gesetzlichen Datenschutzvorschriften, insbesondere der Datenschutz-Grundverordnung (DSGVO), sowie dieser Datenschutzerkl\u00e4rung. Diese Website kann grunds\u00e4tzlich ohne Angabe personenbezogener Daten genutzt werden. Soweit personenbezogene Daten erhoben werden, erfolgt dies auf freiwilliger Basis oder auf Grundlage &hellip;<\/p>\n","protected":false},"author":2,"featured_media":0,"parent":0,"menu_order":0,"comment_status":"closed","ping_status":"closed","template":"elementor_header_footer","meta":{"_genesis_block_theme_hide_title":false,"footnotes":""},"class_list":["post-61","page","type-page","status-publish","hentry","post","without-featured-image"],"featured_image_src":null,"featured_image_src_square":null,"_links":{"self":[{"href":"https:\/\/peptidkompass.de\/index.php?rest_route=\/wp\/v2\/pages\/61","targetHints":{"allow":["GET"]}}],"collection":[{"href":"https:\/\/peptidkompass.de\/index.php?rest_route=\/wp\/v2\/pages"}],"about":[{"href":"https:\/\/peptidkompass.de\/index.php?rest_route=\/wp\/v2\/types\/page"}],"author":[{"embeddable":true,"href":"https:\/\/peptidkompass.de\/index.php?rest_route=\/wp\/v2\/users\/2"}],"replies":[{"embeddable":true,"href":"https:\/\/peptidkompass.de\/index.php?rest_route=%2Fwp%2Fv2%2Fcomments&post=61"}],"version-history":[{"count":0,"href":"https:\/\/peptidkompass.de\/index.php?rest_route=\/wp\/v2\/pages\/61\/revisions"}],"wp:attachment":[{"href":"https:\/\/peptidkompass.de\/index.php?rest_route=%2Fwp%2Fv2%2Fmedia&parent=61"}],"curies":[{"name":"wp","href":"https:\/\/api.w.org\/{rel}","templated":true}]}}