{"id":16,"date":"2026-04-22T18:18:33","date_gmt":"2026-04-22T18:18:33","guid":{"rendered":"https:\/\/peptidkompass.wpenginepowered.com\/?page_id=16"},"modified":"2026-05-04T18:22:59","modified_gmt":"2026-05-04T18:22:59","slug":"home","status":"publish","type":"page","link":"https:\/\/peptidkompass.de\/?page_id=16","title":{"rendered":"Home"},"content":{"rendered":"\t\t<div data-elementor-type=\"wp-page\" data-elementor-id=\"16\" class=\"elementor elementor-16\" data-elementor-post-type=\"page\">\n\t\t\t\t<div class=\"elementor-element elementor-element-515fc1a e-flex e-con-boxed e-con e-parent\" data-id=\"515fc1a\" data-element_type=\"container\" data-e-type=\"container\" data-settings=\"{&quot;background_background&quot;:&quot;classic&quot;}\">\n\t\t\t\t\t<div class=\"e-con-inner\">\n\t\t\t\t<div class=\"elementor-element elementor-element-4035cb0 elementor-widget elementor-widget-text-editor\" data-id=\"4035cb0\" data-element_type=\"widget\" data-e-type=\"widget\" data-widget_type=\"text-editor.default\">\n\t\t\t\t\t\t\t\t\t<p><span style=\"display: inline-flex; align-items: center; gap: 12px;\"><span style=\"font-family: Inter,sans-serif; font-size: 11px; font-weight: 600; letter-spacing: 0.2em; text-transform: uppercase; color: #c4956a;\">Health &amp; Beauty Science<\/span><\/span><\/p>\t\t\t\t\t\t\t\t<\/div>\n\t\t\t\t<div class=\"elementor-element elementor-element-9864367 elementor-widget__width-initial elementor-widget elementor-widget-heading\" data-id=\"9864367\" data-element_type=\"widget\" data-e-type=\"widget\" data-widget_type=\"heading.default\">\n\t\t\t\t\t<h1 class=\"elementor-heading-title elementor-size-default\">Dein Kompass durch die Welt der Peptide.<\/h1>\t\t\t\t<\/div>\n\t\t\t\t<div class=\"elementor-element elementor-element-99a3712 elementor-widget__width-initial elementor-widget elementor-widget-text-editor\" data-id=\"99a3712\" data-element_type=\"widget\" data-e-type=\"widget\" data-widget_type=\"text-editor.default\">\n\t\t\t\t\t\t\t\t\t<p>Wissenschaftlich fundiertes Wissen \u00fcber Peptide in Anti-Aging, Hautpflege und Biohacking. Verst\u00e4ndlich erkl\u00e4rt.<\/p>\t\t\t\t\t\t\t\t<\/div>\n\t\t\t\t<div class=\"elementor-element elementor-element-0c1821d elementor-widget elementor-widget-button\" data-id=\"0c1821d\" data-element_type=\"widget\" data-e-type=\"widget\" data-widget_type=\"button.default\">\n\t\t\t\t\t\t\t\t\t\t<a class=\"elementor-button elementor-button-link elementor-size-sm\" href=\"https:\/\/peptidkompass.de\/?page_id=26\">\n\t\t\t\t\t\t<span class=\"elementor-button-content-wrapper\">\n\t\t\t\t\t\t\t\t\t<span class=\"elementor-button-text\">Artikel entdecken<\/span>\n\t\t\t\t\t<\/span>\n\t\t\t\t\t<\/a>\n\t\t\t\t\t\t\t\t<\/div>\n\t\t\t\t\t<\/div>\n\t\t\t\t<\/div>\n\t\t<div class=\"elementor-element elementor-element-3bcfcdf e-flex e-con-boxed e-con e-parent\" data-id=\"3bcfcdf\" data-element_type=\"container\" data-e-type=\"container\">\n\t\t\t\t\t<div class=\"e-con-inner\">\n\t\t<div class=\"elementor-element elementor-element-1ae315f e-con-full e-flex e-con e-child\" data-id=\"1ae315f\" data-element_type=\"container\" data-e-type=\"container\">\n\t\t\t\t<div class=\"elementor-element elementor-element-9a745f9 elementor-widget elementor-widget-heading\" data-id=\"9a745f9\" data-element_type=\"widget\" data-e-type=\"widget\" data-widget_type=\"heading.default\">\n\t\t\t\t\t<h2 class=\"elementor-heading-title elementor-size-default\">50+<\/h2>\t\t\t\t<\/div>\n\t\t\t\t<div class=\"elementor-element elementor-element-9dc8098 elementor-widget elementor-widget-text-editor\" data-id=\"9dc8098\" data-element_type=\"widget\" data-e-type=\"widget\" data-widget_type=\"text-editor.default\">\n\t\t\t\t\t\t\t\t\t<p>Peptid-Wirkstoffe<\/p>\t\t\t\t\t\t\t\t<\/div>\n\t\t\t\t<\/div>\n\t\t<div class=\"elementor-element elementor-element-dba58df e-con-full e-flex e-con e-child\" data-id=\"dba58df\" data-element_type=\"container\" data-e-type=\"container\">\n\t\t\t\t<div class=\"elementor-element elementor-element-51ab8a0 elementor-widget elementor-widget-heading\" data-id=\"51ab8a0\" data-element_type=\"widget\" data-e-type=\"widget\" data-widget_type=\"heading.default\">\n\t\t\t\t\t<h2 class=\"elementor-heading-title elementor-size-default\">4,8 Mrd.<\/h2>\t\t\t\t<\/div>\n\t\t\t\t<div class=\"elementor-element elementor-element-27456b0 elementor-widget elementor-widget-text-editor\" data-id=\"27456b0\" data-element_type=\"widget\" data-e-type=\"widget\" data-widget_type=\"text-editor.default\">\n\t\t\t\t\t\t\t\t\t<p>Marktvolumen bis 2032<\/p>\t\t\t\t\t\t\t\t<\/div>\n\t\t\t\t<\/div>\n\t\t<div class=\"elementor-element elementor-element-9bccb82 e-con-full e-flex e-con e-child\" data-id=\"9bccb82\" data-element_type=\"container\" data-e-type=\"container\">\n\t\t\t\t<div class=\"elementor-element elementor-element-3df90d8 elementor-widget elementor-widget-heading\" data-id=\"3df90d8\" data-element_type=\"widget\" data-e-type=\"widget\" data-widget_type=\"heading.default\">\n\t\t\t\t\t<h2 class=\"elementor-heading-title elementor-size-default\">100%<\/h2>\t\t\t\t<\/div>\n\t\t\t\t<div class=\"elementor-element elementor-element-b0cd46e elementor-widget elementor-widget-text-editor\" data-id=\"b0cd46e\" data-element_type=\"widget\" data-e-type=\"widget\" data-widget_type=\"text-editor.default\">\n\t\t\t\t\t\t\t\t\t<p>Wissenschaftlich<\/p>\t\t\t\t\t\t\t\t<\/div>\n\t\t\t\t<\/div>\n\t\t\t\t\t<\/div>\n\t\t\t\t<\/div>\n\t\t<div class=\"elementor-element elementor-element-4db8801 e-flex e-con-boxed e-con e-parent\" data-id=\"4db8801\" data-element_type=\"container\" data-e-type=\"container\">\n\t\t\t\t\t<div class=\"e-con-inner\">\n\t\t<div class=\"elementor-element elementor-element-77fd2a8 e-con-full e-flex e-con e-child\" data-id=\"77fd2a8\" data-element_type=\"container\" data-e-type=\"container\">\n\t\t\t\t<div class=\"elementor-element elementor-element-c9307cc elementor-widget elementor-widget-text-editor\" data-id=\"c9307cc\" data-element_type=\"widget\" data-e-type=\"widget\" data-widget_type=\"text-editor.default\">\n\t\t\t\t\t\t\t\t\t<p><span style=\"display: inline-flex; align-items: center; gap: 12px;\"><span style=\"font-family: Inter,sans-serif; font-size: 11px; font-weight: 600; letter-spacing: 0.2em; text-transform: uppercase; color: #c4956a;\"><span style=\"font-family: Inter,sans-serif; font-size: 11px; font-weight: 600; letter-spacing: 0.2em; text-transform: uppercase; color: #1b3f7a;\">Empfohlener Artikel<\/span><\/span><\/span><\/p>\t\t\t\t\t\t\t\t<\/div>\n\t\t\t\t<div class=\"elementor-element elementor-element-a66ee53 elementor-widget elementor-widget-text-editor\" data-id=\"a66ee53\" data-element_type=\"widget\" data-e-type=\"widget\" data-widget_type=\"text-editor.default\">\n\t\t\t\t\t\t\t\t\t<p>Wissenschaft<\/p>\t\t\t\t\t\t\t\t<\/div>\n\t\t\t\t<div class=\"elementor-element elementor-element-0123521 elementor-widget elementor-widget-heading\" data-id=\"0123521\" data-element_type=\"widget\" data-e-type=\"widget\" data-widget_type=\"heading.default\">\n\t\t\t\t\t<h2 class=\"elementor-heading-title elementor-size-default\">Was sind Peptide? Der wissenschaftliche Leitfaden<\/h2>\t\t\t\t<\/div>\n\t\t\t\t<div class=\"elementor-element elementor-element-ecf0978 elementor-widget__width-initial elementor-widget elementor-widget-text-editor\" data-id=\"ecf0978\" data-element_type=\"widget\" data-e-type=\"widget\" data-widget_type=\"text-editor.default\">\n\t\t\t\t\t\t\t\t\t<p>Peptide wie Matrixyl, Argireline und GHK-Cu haben die Anti-Aging-Forschung revolutioniert. Erfahre, wie diese Wirkstoffe auf molekularer Ebene die Hautalterung verlangsamen.<\/p>\t\t\t\t\t\t\t\t<\/div>\n\t\t\t\t<div class=\"elementor-element elementor-element-8e5243b elementor-widget elementor-widget-button\" data-id=\"8e5243b\" data-element_type=\"widget\" data-e-type=\"widget\" data-widget_type=\"button.default\">\n\t\t\t\t\t\t\t\t\t\t<a class=\"elementor-button elementor-button-link elementor-size-sm\" href=\"https:\/\/peptidkompass.de\/?p=35\">\n\t\t\t\t\t\t<span class=\"elementor-button-content-wrapper\">\n\t\t\t\t\t\t\t\t\t<span class=\"elementor-button-text\">Artikel lesen<\/span>\n\t\t\t\t\t<\/span>\n\t\t\t\t\t<\/a>\n\t\t\t\t\t\t\t\t<\/div>\n\t\t\t\t<\/div>\n\t\t<div class=\"elementor-element elementor-element-f055569 e-con-full e-flex e-con e-child\" data-id=\"f055569\" data-element_type=\"container\" data-e-type=\"container\">\n\t\t\t\t<div class=\"elementor-element elementor-element-13386af elementor-widget elementor-widget-image\" data-id=\"13386af\" data-element_type=\"widget\" data-e-type=\"widget\" data-widget_type=\"image.default\">\n\t\t\t\t\t\t\t\t\t\t\t\t\t\t\t<img fetchpriority=\"high\" decoding=\"async\" width=\"765\" height=\"1024\" src=\"https:\/\/peptidkompass.de\/wp-content\/uploads\/2026\/04\/blog_hero_peptide-765x1024.png\" class=\"elementor-animation-bob attachment-large size-large wp-image-32\" alt=\"\" srcset=\"https:\/\/peptidkompass.de\/wp-content\/uploads\/2026\/04\/blog_hero_peptide-765x1024.png 765w, https:\/\/peptidkompass.de\/wp-content\/uploads\/2026\/04\/blog_hero_peptide-224x300.png 224w, https:\/\/peptidkompass.de\/wp-content\/uploads\/2026\/04\/blog_hero_peptide-768x1029.png 768w, https:\/\/peptidkompass.de\/wp-content\/uploads\/2026\/04\/blog_hero_peptide-1147x1536.png 1147w, https:\/\/peptidkompass.de\/wp-content\/uploads\/2026\/04\/blog_hero_peptide-1529x2048.png 1529w, https:\/\/peptidkompass.de\/wp-content\/uploads\/2026\/04\/blog_hero_peptide-1200x1607.png 1200w, https:\/\/peptidkompass.de\/wp-content\/uploads\/2026\/04\/blog_hero_peptide-1400x1875.png 1400w, https:\/\/peptidkompass.de\/wp-content\/uploads\/2026\/04\/blog_hero_peptide-300x402.png 300w, https:\/\/peptidkompass.de\/wp-content\/uploads\/2026\/04\/blog_hero_peptide.png 1792w\" sizes=\"(max-width: 765px) 100vw, 765px\" \/>\t\t\t\t\t\t\t\t\t\t\t\t\t\t\t<\/div>\n\t\t\t\t<\/div>\n\t\t\t\t\t<\/div>\n\t\t\t\t<\/div>\n\t\t<div class=\"elementor-element elementor-element-5a42aea e-flex e-con-boxed e-con e-parent\" data-id=\"5a42aea\" data-element_type=\"container\" data-e-type=\"container\">\n\t\t\t\t\t<div class=\"e-con-inner\">\n\t\t\t\t<div class=\"elementor-element elementor-element-a9b2f53 elementor-widget elementor-widget-text-editor\" data-id=\"a9b2f53\" data-element_type=\"widget\" data-e-type=\"widget\" data-widget_type=\"text-editor.default\">\n\t\t\t\t\t\t\t\t\t<p><span style=\"display: inline-flex; align-items: center; gap: 12px;\"><span style=\"font-family: Inter,sans-serif; font-size: 11px; font-weight: 600; letter-spacing: 0.2em; text-transform: uppercase; color: #c4956a;\"><span style=\"font-family: Inter,sans-serif; font-size: 11px; font-weight: 600; letter-spacing: 0.2em; text-transform: uppercase; color: #1b3f7a;\">Alle Artikel<\/span><\/span><\/span><\/p>\t\t\t\t\t\t\t\t<\/div>\n\t\t\t\t<div class=\"elementor-element elementor-element-f8321e6 elementor-widget elementor-widget-heading\" data-id=\"f8321e6\" data-element_type=\"widget\" data-e-type=\"widget\" data-widget_type=\"heading.default\">\n\t\t\t\t\t<h2 class=\"elementor-heading-title elementor-size-default\">Wissen \u00fcber Peptide<\/h2>\t\t\t\t<\/div>\n\t\t\t\t\t<\/div>\n\t\t\t\t<\/div>\n\t\t<div class=\"elementor-element elementor-element-d6713f8 e-flex e-con-boxed e-con e-parent\" data-id=\"d6713f8\" data-element_type=\"container\" data-e-type=\"container\">\n\t\t\t\t\t<div class=\"e-con-inner\">\n\t\t<div class=\"elementor-element elementor-element-3de95ee e-con-full e-flex e-con e-child\" data-id=\"3de95ee\" data-element_type=\"container\" data-e-type=\"container\">\n\t\t\t\t<div class=\"elementor-element elementor-element-150e4ad elementor-grid-3 elementor-grid-tablet-2 elementor-grid-mobile-1 elementor-posts--thumbnail-top elementor-card-shadow-yes elementor-posts__hover-gradient elementor-widget elementor-widget-posts\" data-id=\"150e4ad\" data-element_type=\"widget\" data-e-type=\"widget\" data-settings=\"{&quot;cards_row_gap&quot;:{&quot;unit&quot;:&quot;px&quot;,&quot;size&quot;:30,&quot;sizes&quot;:[]},&quot;cards_columns&quot;:&quot;3&quot;,&quot;cards_columns_tablet&quot;:&quot;2&quot;,&quot;cards_columns_mobile&quot;:&quot;1&quot;,&quot;cards_row_gap_tablet&quot;:{&quot;unit&quot;:&quot;px&quot;,&quot;size&quot;:&quot;&quot;,&quot;sizes&quot;:[]},&quot;cards_row_gap_mobile&quot;:{&quot;unit&quot;:&quot;px&quot;,&quot;size&quot;:&quot;&quot;,&quot;sizes&quot;:[]}}\" data-widget_type=\"posts.cards\">\n\t\t\t\t<div class=\"elementor-widget-container\">\n\t\t\t\t\t\t\t<div class=\"elementor-posts-container elementor-posts elementor-posts--skin-cards elementor-grid\" role=\"list\">\n\t\t\t\t<article class=\"elementor-post elementor-grid-item post-43 post type-post status-publish format-standard has-post-thumbnail hentry category-anti-aging with-featured-image\" role=\"listitem\">\n\t\t\t<div class=\"elementor-post__card\">\n\t\t\t\t<a class=\"elementor-post__thumbnail__link\" href=\"https:\/\/peptidkompass.de\/?p=43\" tabindex=\"-1\" target=\"_blank\"><div class=\"elementor-post__thumbnail\"><img decoding=\"async\" width=\"1792\" height=\"2400\" src=\"https:\/\/peptidkompass.de\/wp-content\/uploads\/2026\/04\/blog_antiaging.png\" class=\"attachment-full size-full wp-image-44\" alt=\"\" srcset=\"https:\/\/peptidkompass.de\/wp-content\/uploads\/2026\/04\/blog_antiaging.png 1792w, https:\/\/peptidkompass.de\/wp-content\/uploads\/2026\/04\/blog_antiaging-224x300.png 224w, https:\/\/peptidkompass.de\/wp-content\/uploads\/2026\/04\/blog_antiaging-765x1024.png 765w, https:\/\/peptidkompass.de\/wp-content\/uploads\/2026\/04\/blog_antiaging-768x1029.png 768w, https:\/\/peptidkompass.de\/wp-content\/uploads\/2026\/04\/blog_antiaging-1147x1536.png 1147w, https:\/\/peptidkompass.de\/wp-content\/uploads\/2026\/04\/blog_antiaging-1529x2048.png 1529w, https:\/\/peptidkompass.de\/wp-content\/uploads\/2026\/04\/blog_antiaging-1200x1607.png 1200w, https:\/\/peptidkompass.de\/wp-content\/uploads\/2026\/04\/blog_antiaging-1400x1875.png 1400w, https:\/\/peptidkompass.de\/wp-content\/uploads\/2026\/04\/blog_antiaging-300x402.png 300w\" sizes=\"(max-width: 1792px) 100vw, 1792px\" \/><\/div><\/a>\n\t\t\t\t<div class=\"elementor-post__badge\">Anti Aging<\/div>\n\t\t\t\t<div class=\"elementor-post__text\">\n\t\t\t\t<h3 class=\"elementor-post__title\">\n\t\t\t<a href=\"https:\/\/peptidkompass.de\/?p=43\" target=&quot;_blank&quot;>\n\t\t\t\tKollagen-Peptide: Das Anti-Aging-Geheimnis der Wissenschaft\t\t\t<\/a>\n\t\t<\/h3>\n\t\t\t\t\t<div class=\"elementor-post__read-more-wrapper\">\n\t\t\n\t\t<a class=\"elementor-post__read-more\" href=\"https:\/\/peptidkompass.de\/?p=43\" aria-label=\"Read more about Kollagen-Peptide: Das Anti-Aging-Geheimnis der Wissenschaft\" tabindex=\"-1\" target=\"_blank\">\n\t\t\tWeiterlesen \u00bb\t\t<\/a>\n\n\t\t\t\t\t<\/div>\n\t\t\t\t<\/div>\n\t\t\t\t<div class=\"elementor-post__meta-data\">\n\t\t\t\t\t<span class=\"elementor-post-author\">\n\t\t\tMarlene Meyer\t\t<\/span>\n\t\t\t\t<span class=\"elementor-post-date\">\n\t\t\tApril 22, 2026\t\t<\/span>\n\t\t\t\t<\/div>\n\t\t\t\t\t<\/div>\n\t\t<\/article>\n\t\t\t\t<article class=\"elementor-post elementor-grid-item post-38 post type-post status-publish format-standard has-post-thumbnail hentry category-biohacking with-featured-image\" role=\"listitem\">\n\t\t\t<div class=\"elementor-post__card\">\n\t\t\t\t<a class=\"elementor-post__thumbnail__link\" href=\"https:\/\/peptidkompass.de\/?p=38\" tabindex=\"-1\" target=\"_blank\"><div class=\"elementor-post__thumbnail\"><img decoding=\"async\" width=\"2400\" height=\"1792\" src=\"https:\/\/peptidkompass.de\/wp-content\/uploads\/2026\/04\/about_clinical_v3.png\" class=\"attachment-full size-full wp-image-42\" alt=\"\" srcset=\"https:\/\/peptidkompass.de\/wp-content\/uploads\/2026\/04\/about_clinical_v3.png 2400w, https:\/\/peptidkompass.de\/wp-content\/uploads\/2026\/04\/about_clinical_v3-300x224.png 300w, https:\/\/peptidkompass.de\/wp-content\/uploads\/2026\/04\/about_clinical_v3-1024x765.png 1024w, https:\/\/peptidkompass.de\/wp-content\/uploads\/2026\/04\/about_clinical_v3-768x573.png 768w, https:\/\/peptidkompass.de\/wp-content\/uploads\/2026\/04\/about_clinical_v3-1536x1147.png 1536w, https:\/\/peptidkompass.de\/wp-content\/uploads\/2026\/04\/about_clinical_v3-2048x1529.png 2048w, https:\/\/peptidkompass.de\/wp-content\/uploads\/2026\/04\/about_clinical_v3-1200x896.png 1200w, https:\/\/peptidkompass.de\/wp-content\/uploads\/2026\/04\/about_clinical_v3-1400x1045.png 1400w\" sizes=\"(max-width: 2400px) 100vw, 2400px\" \/><\/div><\/a>\n\t\t\t\t<div class=\"elementor-post__badge\">Biohacking<\/div>\n\t\t\t\t<div class=\"elementor-post__text\">\n\t\t\t\t<h3 class=\"elementor-post__title\">\n\t\t\t<a href=\"https:\/\/peptidkompass.de\/?p=38\" target=&quot;_blank&quot;>\n\t\t\t\tGraue Haare und Peptide: Was die Biologie erlaubt und was nicht\t\t\t<\/a>\n\t\t<\/h3>\n\t\t\t\t\t<div class=\"elementor-post__read-more-wrapper\">\n\t\t\n\t\t<a class=\"elementor-post__read-more\" href=\"https:\/\/peptidkompass.de\/?p=38\" aria-label=\"Read more about Graue Haare und Peptide: Was die Biologie erlaubt und was nicht\" tabindex=\"-1\" target=\"_blank\">\n\t\t\tWeiterlesen \u00bb\t\t<\/a>\n\n\t\t\t\t\t<\/div>\n\t\t\t\t<\/div>\n\t\t\t\t<div class=\"elementor-post__meta-data\">\n\t\t\t\t\t<span class=\"elementor-post-author\">\n\t\t\tDhani Spiller\t\t<\/span>\n\t\t\t\t<span class=\"elementor-post-date\">\n\t\t\tApril 22, 2026\t\t<\/span>\n\t\t\t\t<\/div>\n\t\t\t\t\t<\/div>\n\t\t<\/article>\n\t\t\t\t<article class=\"elementor-post elementor-grid-item post-35 post type-post status-publish format-standard has-post-thumbnail hentry category-wissenschaft with-featured-image\" role=\"listitem\">\n\t\t\t<div class=\"elementor-post__card\">\n\t\t\t\t<a class=\"elementor-post__thumbnail__link\" href=\"https:\/\/peptidkompass.de\/?p=35\" tabindex=\"-1\" target=\"_blank\"><div class=\"elementor-post__thumbnail\"><img loading=\"lazy\" decoding=\"async\" width=\"1792\" height=\"2400\" src=\"https:\/\/peptidkompass.de\/wp-content\/uploads\/2026\/04\/blog_hero_peptide.png\" class=\"attachment-full size-full wp-image-32\" alt=\"\" srcset=\"https:\/\/peptidkompass.de\/wp-content\/uploads\/2026\/04\/blog_hero_peptide.png 1792w, https:\/\/peptidkompass.de\/wp-content\/uploads\/2026\/04\/blog_hero_peptide-224x300.png 224w, https:\/\/peptidkompass.de\/wp-content\/uploads\/2026\/04\/blog_hero_peptide-765x1024.png 765w, https:\/\/peptidkompass.de\/wp-content\/uploads\/2026\/04\/blog_hero_peptide-768x1029.png 768w, https:\/\/peptidkompass.de\/wp-content\/uploads\/2026\/04\/blog_hero_peptide-1147x1536.png 1147w, https:\/\/peptidkompass.de\/wp-content\/uploads\/2026\/04\/blog_hero_peptide-1529x2048.png 1529w, https:\/\/peptidkompass.de\/wp-content\/uploads\/2026\/04\/blog_hero_peptide-1200x1607.png 1200w, https:\/\/peptidkompass.de\/wp-content\/uploads\/2026\/04\/blog_hero_peptide-1400x1875.png 1400w, https:\/\/peptidkompass.de\/wp-content\/uploads\/2026\/04\/blog_hero_peptide-300x402.png 300w\" sizes=\"(max-width: 1792px) 100vw, 1792px\" \/><\/div><\/a>\n\t\t\t\t<div class=\"elementor-post__badge\">Wissenschaft<\/div>\n\t\t\t\t<div class=\"elementor-post__text\">\n\t\t\t\t<h3 class=\"elementor-post__title\">\n\t\t\t<a href=\"https:\/\/peptidkompass.de\/?p=35\" target=&quot;_blank&quot;>\n\t\t\t\tWas sind Peptide? Der wissenschaftliche Leitfaden f\u00fcr Haut, Anti-Aging und Wirkung\t\t\t<\/a>\n\t\t<\/h3>\n\t\t\t\t\t<div class=\"elementor-post__read-more-wrapper\">\n\t\t\n\t\t<a class=\"elementor-post__read-more\" href=\"https:\/\/peptidkompass.de\/?p=35\" aria-label=\"Read more about Was sind Peptide? Der wissenschaftliche Leitfaden f\u00fcr Haut, Anti-Aging und Wirkung\" tabindex=\"-1\" target=\"_blank\">\n\t\t\tWeiterlesen \u00bb\t\t<\/a>\n\n\t\t\t\t\t<\/div>\n\t\t\t\t<\/div>\n\t\t\t\t<div class=\"elementor-post__meta-data\">\n\t\t\t\t\t<span class=\"elementor-post-author\">\n\t\t\tMarlene Meyer\t\t<\/span>\n\t\t\t\t<span class=\"elementor-post-date\">\n\t\t\tApril 22, 2026\t\t<\/span>\n\t\t\t\t<\/div>\n\t\t\t\t\t<\/div>\n\t\t<\/article>\n\t\t\t\t<\/div>\n\t\t\n\t\t\t\t\t\t<\/div>\n\t\t\t\t<\/div>\n\t\t\t\t<\/div>\n\t\t\t\t\t<\/div>\n\t\t\t\t<\/div>\n\t\t<div class=\"elementor-element elementor-element-cf873fb e-flex e-con-boxed e-con e-parent\" data-id=\"cf873fb\" data-element_type=\"container\" data-e-type=\"container\">\n\t\t\t\t\t<div class=\"e-con-inner\">\n\t\t<div class=\"elementor-element elementor-element-148ffd3 e-con-full e-flex e-con e-child\" data-id=\"148ffd3\" data-element_type=\"container\" data-e-type=\"container\">\n\t\t\t\t<div class=\"elementor-element elementor-element-4374ca0 elementor-widget elementor-widget-text-editor\" data-id=\"4374ca0\" data-element_type=\"widget\" data-e-type=\"widget\" data-widget_type=\"text-editor.default\">\n\t\t\t\t\t\t\t\t\t<p><span style=\"display: inline-flex; align-items: center; gap: 12px;\"><span style=\"font-family: Inter,sans-serif; font-size: 11px; font-weight: 600; letter-spacing: 0.2em; text-transform: uppercase; color: #c4956a;\"><span style=\"font-family: Inter,sans-serif; font-size: 11px; font-weight: 600; letter-spacing: 0.2em; text-transform: uppercase; color: #1b3f7a;\">\u00dcber Peptid-Kompass<\/span><\/span><\/span><\/p>\t\t\t\t\t\t\t\t<\/div>\n\t\t\t\t<div class=\"elementor-element elementor-element-9d15c0c elementor-widget elementor-widget-heading\" data-id=\"9d15c0c\" data-element_type=\"widget\" data-e-type=\"widget\" data-widget_type=\"heading.default\">\n\t\t\t\t\t<h2 class=\"elementor-heading-title elementor-size-default\">Wissenschaft trifft auf Sch\u00f6nheit<\/h2>\t\t\t\t<\/div>\n\t\t\t\t<div class=\"elementor-element elementor-element-31a631c elementor-widget__width-initial elementor-widget elementor-widget-text-editor\" data-id=\"31a631c\" data-element_type=\"widget\" data-e-type=\"widget\" data-widget_type=\"text-editor.default\">\n\t\t\t\t\t\t\t\t\t<p>Peptid-Kompass ist eine unabh\u00e4ngige Content-Plattform, die komplexe wissenschaftliche Erkenntnisse \u00fcber Peptide zug\u00e4nglich macht. Unser Ziel: Dir den Kompass zu geben, den du brauchst.<\/p>\t\t\t\t\t\t\t\t<\/div>\n\t\t\t\t<div class=\"elementor-element elementor-element-9d25f81 elementor-widget elementor-widget-button\" data-id=\"9d25f81\" data-element_type=\"widget\" data-e-type=\"widget\" data-widget_type=\"button.default\">\n\t\t\t\t\t\t\t\t\t\t<a class=\"elementor-button elementor-size-sm\" role=\"button\">\n\t\t\t\t\t\t<span class=\"elementor-button-content-wrapper\">\n\t\t\t\t\t\t\t\t\t<span class=\"elementor-button-text\">Mehr \u00fcber uns<\/span>\n\t\t\t\t\t<\/span>\n\t\t\t\t\t<\/a>\n\t\t\t\t\t\t\t\t<\/div>\n\t\t\t\t<\/div>\n\t\t<div class=\"elementor-element elementor-element-bcd9a8d e-con-full e-flex e-con e-child\" data-id=\"bcd9a8d\" data-element_type=\"container\" data-e-type=\"container\">\n\t\t\t\t<div class=\"elementor-element elementor-element-8c83492 elementor-widget elementor-widget-image\" data-id=\"8c83492\" data-element_type=\"widget\" data-e-type=\"widget\" data-widget_type=\"image.default\">\n\t\t\t\t\t\t\t\t\t\t\t\t\t\t\t<img loading=\"lazy\" decoding=\"async\" width=\"1024\" height=\"572\" src=\"https:\/\/peptidkompass.de\/wp-content\/uploads\/2026\/04\/about_image-1024x572.png\" class=\"elementor-animation-bob attachment-large size-large wp-image-45\" alt=\"\" srcset=\"https:\/\/peptidkompass.de\/wp-content\/uploads\/2026\/04\/about_image-1024x572.png 1024w, https:\/\/peptidkompass.de\/wp-content\/uploads\/2026\/04\/about_image-300x167.png 300w, https:\/\/peptidkompass.de\/wp-content\/uploads\/2026\/04\/about_image-768x429.png 768w, https:\/\/peptidkompass.de\/wp-content\/uploads\/2026\/04\/about_image-1536x857.png 1536w, https:\/\/peptidkompass.de\/wp-content\/uploads\/2026\/04\/about_image-2048x1143.png 2048w, https:\/\/peptidkompass.de\/wp-content\/uploads\/2026\/04\/about_image-1200x670.png 1200w, https:\/\/peptidkompass.de\/wp-content\/uploads\/2026\/04\/about_image-1400x781.png 1400w\" sizes=\"(max-width: 1024px) 100vw, 1024px\" \/>\t\t\t\t\t\t\t\t\t\t\t\t\t\t\t<\/div>\n\t\t\t\t<\/div>\n\t\t\t\t\t<\/div>\n\t\t\t\t<\/div>\n\t\t\t\t<\/div>\n\t\t","protected":false},"excerpt":{"rendered":"<p>Health &amp; Beauty Science Dein Kompass durch die Welt der Peptide. Wissenschaftlich fundiertes Wissen \u00fcber Peptide in Anti-Aging, Hautpflege und<\/p>\n","protected":false},"author":2,"featured_media":0,"parent":0,"menu_order":0,"comment_status":"closed","ping_status":"closed","template":"elementor_header_footer","meta":{"_genesis_block_theme_hide_title":false,"footnotes":""},"class_list":["post-16","page","type-page","status-publish","hentry","post","with-featured-image"],"featured_image_src":null,"featured_image_src_square":null,"_links":{"self":[{"href":"https:\/\/peptidkompass.de\/index.php?rest_route=\/wp\/v2\/pages\/16","targetHints":{"allow":["GET"]}}],"collection":[{"href":"https:\/\/peptidkompass.de\/index.php?rest_route=\/wp\/v2\/pages"}],"about":[{"href":"https:\/\/peptidkompass.de\/index.php?rest_route=\/wp\/v2\/types\/page"}],"author":[{"embeddable":true,"href":"https:\/\/peptidkompass.de\/index.php?rest_route=\/wp\/v2\/users\/2"}],"replies":[{"embeddable":true,"href":"https:\/\/peptidkompass.de\/index.php?rest_route=%2Fwp%2Fv2%2Fcomments&post=16"}],"version-history":[{"count":0,"href":"https:\/\/peptidkompass.de\/index.php?rest_route=\/wp\/v2\/pages\/16\/revisions"}],"wp:attachment":[{"href":"https:\/\/peptidkompass.de\/index.php?rest_route=%2Fwp%2Fv2%2Fmedia&parent=16"}],"curies":[{"name":"wp","href":"https:\/\/api.w.org\/{rel}","templated":true}]}}